{"id":4453,"date":"2023-08-01T08:02:40","date_gmt":"2023-08-01T08:02:40","guid":{"rendered":"http:\/\/mjarc.com\/termos-e-condicoes\/"},"modified":"2024-03-27T11:04:13","modified_gmt":"2024-03-27T11:04:13","slug":"termos-e-condicoes","status":"publish","type":"page","link":"https:\/\/mjarc.com\/fr\/termos-e-condicoes\/","title":{"rendered":"Termos e Condi\u00e7\u00f5es"},"content":{"rendered":"<p>[vc_row][vc_column el_class=\u00a0\u00bbpolitica\u00a0\u00bb][vc_column_text]<\/p>\n<h1>Site Web Conditions g\u00e9n\u00e9rales MJARC Arquitectos<\/h1>\n<p><em>Mise \u00e0 jour.<\/em><\/p>\n<p>Date : 05\/04\/2018<\/p>\n<h2>Conditions g\u00e9n\u00e9rales<\/h2>\n<p>Avant de commencer \u00e0 utiliser le service MJARC, veuillez lire attentivement nos conditions g\u00e9n\u00e9rales. Pour utiliser le site Web ou souscrire \u00e0 des services via des plateformes en ligne, vous devez accepter les Conditions g\u00e9n\u00e9rales et la Politique de confidentialit\u00e9 et de cookies associ\u00e9s au service MJARC.<\/p>\n<h2>Informations l\u00e9gales<\/h2>\n<p>La soci\u00e9t\u00e9 MJARC Arquitectos Associados, lda est une soci\u00e9t\u00e9 \u00e0 responsabilit\u00e9 limit\u00e9e dont le si\u00e8ge social est situ\u00e9 Rua Julio Dinis, n.200 4050-318 Porto, avec le NIF 507491513 appel\u00e9 MJARC.<\/p>\n<h2>Description de nos services<\/h2>\n<p>MJARC est une entreprise qui propose les services suivants :<\/p>\n<p>&#8211; Activit\u00e9s d&rsquo;architecture, d&rsquo;ing\u00e9nierie, d&rsquo;inspection et techniques ;<br \/>\n&#8211; Certification \u00e9nerg\u00e9tique. (CERGREEN);<br \/>\n&#8211; Dessin industriel, fabrication, repr\u00e9sentation, commerce, vente en gros ou au d\u00e9tail, ou location de meubles, d&rsquo;\u00e9quipements d&rsquo;int\u00e9rieur, de luminaires et autres articles de maison.<br \/>\n&#8211; Gestion, location, achat et vente de biens immobiliers et revente de ceux acquis \u00e0 cet effet. H\u00f4tel avec restaurant ;<br \/>\n&#8211; H\u00e9bergements locaux meubl\u00e9s pour touristes ;<br \/>\n&#8211; Mise \u00e0 disposition d&rsquo;activit\u00e9s de sant\u00e9 humaine avec possibilit\u00e9 d&rsquo;h\u00e9bergement ;<\/p>\n<h2>Acc\u00e8s et inscription au site<\/h2>\n<p>Le client de ce service garantit qu&rsquo;il est majeur (18 ans ou plus) et garantit que toutes les donn\u00e9es fournies \u00e0 MJARC sont v\u00e9ridiques et compl\u00e8tes et, si n\u00e9cessaire, il doit mettre \u00e0 jour les donn\u00e9es initiales. MJARC se r\u00e9serve le droit d&rsquo;annuler le service, \u00e0 tout moment et sans pr\u00e9avis, si elle d\u00e9tecte des irr\u00e9gularit\u00e9s dans les informations fournies par le client.<\/p>\n<h2>Lors de l&rsquo;utilisation du site Web d&rsquo;architecture mjarc<\/h2>\n<p>MJARC ne garantit pas que le service soit exempt d&rsquo;erreurs et de non-conformit\u00e9s. Le site Web des services d&rsquo;architecture mjarc a \u00e9t\u00e9 d\u00e9velopp\u00e9 pour \u00eatre int\u00e9gr\u00e9 \u00e0 des plateformes et syst\u00e8mes tiers, tels que les pages Facebook, Youtube, Vimeo, Google, sous r\u00e9serve de leurs politiques et conditions. MJARC n&rsquo;est pas responsable des changements qui surviennent dans ces politiques et conditions et qui influencent le bon fonctionnement de la plateforme MJARC.<\/p>\n<h2>Contenu<\/h2>\n<p>MJARC g\u00e8re ce site Web dans le but d&rsquo;am\u00e9liorer l&rsquo;acc\u00e8s du public aux informations sur les services qui y sont identifi\u00e9s. MJARC entend que ces informations soient mises \u00e0 jour et exactes et s&rsquo;efforcera de corriger les erreurs qui lui seraient communiqu\u00e9es. MJARC n&rsquo;est pas responsable de l&rsquo;exactitude, de la qualit\u00e9, de la s\u00e9curit\u00e9, de la l\u00e9galit\u00e9 ou de la lic\u00e9it\u00e9, y compris du respect des r\u00e8gles relatives au droit d&rsquo;auteur et aux droits voisins, en relation avec le contenu, les produits ou les services contenus sur ce site Web qui ont \u00e9t\u00e9 fournis par d&rsquo;autres organismes, annonceurs ou les partenaires.<br \/>\nLe MJARC ne peut garantir qu&rsquo;un document disponible sur ce site reproduit exactement un texte officiellement adopt\u00e9. Par cons\u00e9quent, seule la version des actes publi\u00e9e au Journal officiel est consid\u00e9r\u00e9e comme faisant foi.<\/p>\n<h2>Support et assistance<\/h2>\n<p>Tous les services sur mjarc.com incluent une assistance via le centre d&rsquo;aide pour poser et clarifier des doutes \u00e0 l&rsquo;e-mail suivant\u00a0: geral@mjarc.com<\/p>\n<h2>Modification des termes et conditions<\/h2>\n<p>Les Conditions G\u00e9n\u00e9rales de Service peuvent \u00eatre mises \u00e0 jour par MJARC sans pr\u00e9avis. Le client doit les consulter r\u00e9guli\u00e8rement pour rester inform\u00e9. Utilisez ce service uniquement si vous acceptez les conditions g\u00e9n\u00e9rales de MJARC.<\/p>\n<h2>R\u00e9solution alternative des litiges<\/h2>\n<p>En cas de litige avec MJARC, le client peut recourir \u00e0 une entit\u00e9 alternative de r\u00e8glement des litiges (RAL).<\/p>\n<p>Pour plus d\u2019informations, consultez le Portail Consommateur ou CNPD[\/vc_column_text][\/vc_column][\/vc_row]<\/p>\n","protected":false},"excerpt":{"rendered":"<p>[vc_row][vc_column el_class=\u00a0\u00bbpolitica\u00a0\u00bb][vc_column_text] Site Web Conditions g\u00e9n\u00e9rales MJARC Arquitectos Mise \u00e0 jour. Date : 05\/04\/2018 Conditions g\u00e9n\u00e9rales Avant de commencer \u00e0 utiliser le service MJARC, veuillez lire attentivement nos conditions g\u00e9n\u00e9rales. Pour utiliser le site Web ou souscrire \u00e0 des services via des plateformes en ligne, vous devez accepter les Conditions g\u00e9n\u00e9rales et la Politique de [&hellip;]<\/p>\n<p class=\"read-more\"><a class=\"button\" href=\"https:\/\/mjarc.com\/fr\/termos-e-condicoes\/\">Lire la suite<\/a><\/p>\n","protected":false},"author":1,"featured_media":0,"parent":0,"menu_order":0,"comment_status":"closed","ping_status":"closed","template":"","meta":{"_monsterinsights_skip_tracking":false,"_monsterinsights_sitenote_active":false,"_monsterinsights_sitenote_note":"","_monsterinsights_sitenote_category":0,"footnotes":""},"class_list":["post-4453","page","type-page","status-publish","hentry"],"yoast_head":"<!-- This site is optimized with the Yoast SEO plugin v27.3 - https:\/\/yoast.com\/product\/yoast-seo-wordpress\/ -->\n<title>Termes et Conditions - Website mjarc<\/title>\n<meta name=\"description\" content=\"De mani\u00e8re claire et objective, nous pr\u00e9sentons les termes et conditions suivants de ce site Internet de l&#039;\u00e9quipe mjarc. Vous devez l\u2019analyser attentivement avant d\u2019accepter les conditions d\u2019utilisation du site.\" \/>\n<meta name=\"robots\" content=\"index, follow, max-snippet:-1, max-image-preview:large, max-video-preview:-1\" \/>\n<link rel=\"canonical\" href=\"https:\/\/mjarc.com\/en\/terms-conditions\/\" \/>\n<meta property=\"og:locale\" content=\"fr_FR\" \/>\n<meta property=\"og:type\" content=\"article\" \/>\n<meta property=\"og:title\" content=\"Termes et Conditions - Website mjarc\" \/>\n<meta property=\"og:description\" content=\"De mani\u00e8re claire et objective, nous pr\u00e9sentons les termes et conditions suivants de ce site Internet de l&#039;\u00e9quipe mjarc. Vous devez l\u2019analyser attentivement avant d\u2019accepter les conditions d\u2019utilisation du site.\" \/>\n<meta property=\"og:url\" content=\"https:\/\/mjarc.com\/en\/terms-conditions\/\" \/>\n<meta property=\"og:site_name\" content=\"Mjarc\" \/>\n<meta property=\"article:publisher\" content=\"https:\/\/www.facebook.com\/mjarc.arquitectos\/\" \/>\n<meta property=\"article:modified_time\" content=\"2024-03-27T11:04:13+00:00\" \/>\n<meta name=\"twitter:card\" content=\"summary_large_image\" \/>\n<meta name=\"twitter:label1\" content=\"Dur\u00e9e de lecture estim\u00e9e\" \/>\n\t<meta name=\"twitter:data1\" content=\"4 minutes\" \/>\n<script type=\"application\/ld+json\" class=\"yoast-schema-graph\">{\"@context\":\"https:\\\/\\\/schema.org\",\"@graph\":[{\"@type\":\"WebPage\",\"@id\":\"https:\\\/\\\/mjarc.com\\\/en\\\/terms-conditions\\\/\",\"url\":\"https:\\\/\\\/mjarc.com\\\/en\\\/terms-conditions\\\/\",\"name\":\"Termes et Conditions - Website mjarc\",\"isPartOf\":{\"@id\":\"https:\\\/\\\/mjarc.com\\\/fr\\\/#website\"},\"datePublished\":\"2023-08-01T08:02:40+00:00\",\"dateModified\":\"2024-03-27T11:04:13+00:00\",\"description\":\"De mani\u00e8re claire et objective, nous pr\u00e9sentons les termes et conditions suivants de ce site Internet de l'\u00e9quipe mjarc. Vous devez l\u2019analyser attentivement avant d\u2019accepter les conditions d\u2019utilisation du site.\",\"breadcrumb\":{\"@id\":\"https:\\\/\\\/mjarc.com\\\/en\\\/terms-conditions\\\/#breadcrumb\"},\"inLanguage\":\"fr-FR\",\"potentialAction\":[{\"@type\":\"ReadAction\",\"target\":[\"https:\\\/\\\/mjarc.com\\\/en\\\/terms-conditions\\\/\"]}]},{\"@type\":\"BreadcrumbList\",\"@id\":\"https:\\\/\\\/mjarc.com\\\/en\\\/terms-conditions\\\/#breadcrumb\",\"itemListElement\":[{\"@type\":\"ListItem\",\"position\":1,\"name\":\"In\u00edcio\",\"item\":\"https:\\\/\\\/mjarc.com\\\/fr\\\/\"},{\"@type\":\"ListItem\",\"position\":2,\"name\":\"Termos e Condi\u00e7\u00f5es\"}]},{\"@type\":\"WebSite\",\"@id\":\"https:\\\/\\\/mjarc.com\\\/fr\\\/#website\",\"url\":\"https:\\\/\\\/mjarc.com\\\/fr\\\/\",\"name\":\"Mjarc\",\"description\":\"\",\"publisher\":{\"@id\":\"https:\\\/\\\/mjarc.com\\\/fr\\\/#organization\"},\"potentialAction\":[{\"@type\":\"SearchAction\",\"target\":{\"@type\":\"EntryPoint\",\"urlTemplate\":\"https:\\\/\\\/mjarc.com\\\/fr\\\/?s={search_term_string}\"},\"query-input\":{\"@type\":\"PropertyValueSpecification\",\"valueRequired\":true,\"valueName\":\"search_term_string\"}}],\"inLanguage\":\"fr-FR\"},{\"@type\":\"Organization\",\"@id\":\"https:\\\/\\\/mjarc.com\\\/fr\\\/#organization\",\"name\":\"Mjarc\",\"url\":\"https:\\\/\\\/mjarc.com\\\/fr\\\/\",\"logo\":{\"@type\":\"ImageObject\",\"inLanguage\":\"fr-FR\",\"@id\":\"https:\\\/\\\/mjarc.com\\\/fr\\\/#\\\/schema\\\/logo\\\/image\\\/\",\"url\":\"https:\\\/\\\/mjarc.com\\\/wp-content\\\/uploads\\\/2023\\\/08\\\/logo_black_1.png\",\"contentUrl\":\"https:\\\/\\\/mjarc.com\\\/wp-content\\\/uploads\\\/2023\\\/08\\\/logo_black_1.png\",\"width\":130,\"height\":130,\"caption\":\"Mjarc\"},\"image\":{\"@id\":\"https:\\\/\\\/mjarc.com\\\/fr\\\/#\\\/schema\\\/logo\\\/image\\\/\"},\"sameAs\":[\"https:\\\/\\\/www.facebook.com\\\/mjarc.arquitectos\\\/\",\"https:\\\/\\\/www.instagram.com\\\/mjarc.arq\\\/\"]}]}<\/script>\n<!-- \/ Yoast SEO plugin. -->","yoast_head_json":{"title":"Termes et Conditions - Website mjarc","description":"De mani\u00e8re claire et objective, nous pr\u00e9sentons les termes et conditions suivants de ce site Internet de l'\u00e9quipe mjarc. Vous devez l\u2019analyser attentivement avant d\u2019accepter les conditions d\u2019utilisation du site.","robots":{"index":"index","follow":"follow","max-snippet":"max-snippet:-1","max-image-preview":"max-image-preview:large","max-video-preview":"max-video-preview:-1"},"canonical":"https:\/\/mjarc.com\/en\/terms-conditions\/","og_locale":"fr_FR","og_type":"article","og_title":"Termes et Conditions - Website mjarc","og_description":"De mani\u00e8re claire et objective, nous pr\u00e9sentons les termes et conditions suivants de ce site Internet de l'\u00e9quipe mjarc. Vous devez l\u2019analyser attentivement avant d\u2019accepter les conditions d\u2019utilisation du site.","og_url":"https:\/\/mjarc.com\/en\/terms-conditions\/","og_site_name":"Mjarc","article_publisher":"https:\/\/www.facebook.com\/mjarc.arquitectos\/","article_modified_time":"2024-03-27T11:04:13+00:00","twitter_card":"summary_large_image","twitter_misc":{"Dur\u00e9e de lecture estim\u00e9e":"4 minutes"},"schema":{"@context":"https:\/\/schema.org","@graph":[{"@type":"WebPage","@id":"https:\/\/mjarc.com\/en\/terms-conditions\/","url":"https:\/\/mjarc.com\/en\/terms-conditions\/","name":"Termes et Conditions - Website mjarc","isPartOf":{"@id":"https:\/\/mjarc.com\/fr\/#website"},"datePublished":"2023-08-01T08:02:40+00:00","dateModified":"2024-03-27T11:04:13+00:00","description":"De mani\u00e8re claire et objective, nous pr\u00e9sentons les termes et conditions suivants de ce site Internet de l'\u00e9quipe mjarc. Vous devez l\u2019analyser attentivement avant d\u2019accepter les conditions d\u2019utilisation du site.","breadcrumb":{"@id":"https:\/\/mjarc.com\/en\/terms-conditions\/#breadcrumb"},"inLanguage":"fr-FR","potentialAction":[{"@type":"ReadAction","target":["https:\/\/mjarc.com\/en\/terms-conditions\/"]}]},{"@type":"BreadcrumbList","@id":"https:\/\/mjarc.com\/en\/terms-conditions\/#breadcrumb","itemListElement":[{"@type":"ListItem","position":1,"name":"In\u00edcio","item":"https:\/\/mjarc.com\/fr\/"},{"@type":"ListItem","position":2,"name":"Termos e Condi\u00e7\u00f5es"}]},{"@type":"WebSite","@id":"https:\/\/mjarc.com\/fr\/#website","url":"https:\/\/mjarc.com\/fr\/","name":"Mjarc","description":"","publisher":{"@id":"https:\/\/mjarc.com\/fr\/#organization"},"potentialAction":[{"@type":"SearchAction","target":{"@type":"EntryPoint","urlTemplate":"https:\/\/mjarc.com\/fr\/?s={search_term_string}"},"query-input":{"@type":"PropertyValueSpecification","valueRequired":true,"valueName":"search_term_string"}}],"inLanguage":"fr-FR"},{"@type":"Organization","@id":"https:\/\/mjarc.com\/fr\/#organization","name":"Mjarc","url":"https:\/\/mjarc.com\/fr\/","logo":{"@type":"ImageObject","inLanguage":"fr-FR","@id":"https:\/\/mjarc.com\/fr\/#\/schema\/logo\/image\/","url":"https:\/\/mjarc.com\/wp-content\/uploads\/2023\/08\/logo_black_1.png","contentUrl":"https:\/\/mjarc.com\/wp-content\/uploads\/2023\/08\/logo_black_1.png","width":130,"height":130,"caption":"Mjarc"},"image":{"@id":"https:\/\/mjarc.com\/fr\/#\/schema\/logo\/image\/"},"sameAs":["https:\/\/www.facebook.com\/mjarc.arquitectos\/","https:\/\/www.instagram.com\/mjarc.arq\/"]}]}},"_links":{"self":[{"href":"https:\/\/mjarc.com\/fr\/wp-json\/wp\/v2\/pages\/4453","targetHints":{"allow":["GET"]}}],"collection":[{"href":"https:\/\/mjarc.com\/fr\/wp-json\/wp\/v2\/pages"}],"about":[{"href":"https:\/\/mjarc.com\/fr\/wp-json\/wp\/v2\/types\/page"}],"author":[{"embeddable":true,"href":"https:\/\/mjarc.com\/fr\/wp-json\/wp\/v2\/users\/1"}],"replies":[{"embeddable":true,"href":"https:\/\/mjarc.com\/fr\/wp-json\/wp\/v2\/comments?post=4453"}],"version-history":[{"count":1,"href":"https:\/\/mjarc.com\/fr\/wp-json\/wp\/v2\/pages\/4453\/revisions"}],"predecessor-version":[{"id":5761,"href":"https:\/\/mjarc.com\/fr\/wp-json\/wp\/v2\/pages\/4453\/revisions\/5761"}],"wp:attachment":[{"href":"https:\/\/mjarc.com\/fr\/wp-json\/wp\/v2\/media?parent=4453"}],"curies":[{"name":"wp","href":"https:\/\/api.w.org\/{rel}","templated":true}]}}